{"id":653,"date":"2023-08-11T15:16:47","date_gmt":"2023-08-11T15:16:47","guid":{"rendered":"https:\/\/laperiquera.com\/laperiquera\/?page_id=653"},"modified":"2024-11-15T17:22:12","modified_gmt":"2024-11-15T17:22:12","slug":"paso-del-angel","status":"publish","type":"page","link":"https:\/\/laperiquera.com\/laperiquera\/paso-del-angel\/","title":{"rendered":"Paso del \u00c1ngel"},"content":{"rendered":"\n<p>Disfruta de esta gran Aventura.<\/p>\n\n\n\n<p><strong>NATURALEZA EXTREMA<\/strong><\/p>\n\n\n\n<p>(11 DESAF\u00cdOS + 5 A\u00d1OS)<\/p>\n\n\n\n<figure class=\"wp-block-gallery has-nested-images columns-default is-cropped wp-block-gallery-1 is-layout-flex wp-block-gallery-is-layout-flex\">\n<figure class=\"wp-block-image size-thumbnail is-resized is-style-rounded\"><img loading=\"lazy\" decoding=\"async\" width=\"150\" height=\"150\" data-id=\"655\" src=\"https:\/\/laperiquera.com\/laperiquera\/wp-content\/uploads\/2023\/08\/aventura_total-150x150.png\" alt=\"\" class=\"wp-image-655\" style=\"width:300px;height:undefinedpx\" srcset=\"https:\/\/laperiquera.com\/laperiquera\/wp-content\/uploads\/2023\/08\/aventura_total-150x150.png 150w, https:\/\/laperiquera.com\/laperiquera\/wp-content\/uploads\/2023\/08\/aventura_total-100x100.png 100w\" sizes=\"auto, (max-width: 150px) 100vw, 150px\" \/><\/figure>\n<\/figure>\n\n\n\n<ul class=\"wp-block-list\">\n<li>Puente Serpiente<\/li>\n\n\n\n<li>Puente de Malla<\/li>\n\n\n\n<li>Pasarela China<\/li>\n\n\n\n<li>Puente Tibetano<\/li>\n\n\n\n<li>Malla Catamar\u00e1n<\/li>\n\n\n\n<li>Pasarela de troncos.<\/li>\n\n\n\n<li>Puente de Cristal.<\/li>\n\n\n\n<li>Plancha Flotantes.<\/li>\n\n\n\n<li>Alas Gigantes.<\/li>\n\n\n\n<li>Borra de equilibrio.<\/li>\n\n\n\n<li>Canopy 133 mts<\/li>\n<\/ul>\n\n\n\n<p><strong>$65.000 por persona.<\/strong><\/p>\n\n\n\n<p><\/p>\n\n\n\n<p>+ P\u00e9ndulo Paso al Vaci\u00f3 <strong> $85.000<\/strong><\/p>\n\n\n\n<p>+Canopy 230 <strong>   $85.000<\/strong><\/p>\n\n\n\n<p>+P\u00e9ndulo y Canopy 230<strong> $95.000<\/strong><\/p>\n\n\n\n<p>+Bicis por las Nubes <strong>$100.000<\/strong><\/p>\n\n\n\n<figure class=\"wp-block-image size-full is-style-rounded\"><img loading=\"lazy\" decoding=\"async\" width=\"357\" height=\"358\" src=\"https:\/\/laperiquera.com\/laperiquera\/wp-content\/uploads\/2023\/08\/bicicletas.png\" alt=\"\" class=\"wp-image-656\" srcset=\"https:\/\/laperiquera.com\/laperiquera\/wp-content\/uploads\/2023\/08\/bicicletas.png 357w, https:\/\/laperiquera.com\/laperiquera\/wp-content\/uploads\/2023\/08\/bicicletas-300x300.png 300w, https:\/\/laperiquera.com\/laperiquera\/wp-content\/uploads\/2023\/08\/bicicletas-150x150.png 150w, https:\/\/laperiquera.com\/laperiquera\/wp-content\/uploads\/2023\/08\/bicicletas-100x100.png 100w\" sizes=\"auto, (max-width: 357px) 100vw, 357px\" \/><\/figure>\n\n\n\n<p>D\u00daOS<\/p>\n\n\n\n<p>Bicis + Hamacas&#8230;&#8230;&#8230;&#8230;&#8230;&#8230;&#8230;&#8230;&#8230;&#8230;&#8230;&#8230;<strong>$65.000<\/strong><\/p>\n\n\n\n<p>Bicis + Rappel&#8230;&#8230;&#8230;&#8230;&#8230;&#8230;&#8230;&#8230;&#8230;&#8230;&#8230;&#8230;&#8230;..<strong>$140.000<\/strong><\/p>\n\n\n\n<p><\/p>\n\n\n\n<p><strong>TRANSPORTE  <\/strong> ( Ida y vuelta)<\/p>\n\n\n\n<p>Para dos personas&#8230;&#8230;&#8230;&#8230;&#8230;&#8230;&#8230;&#8230;&#8230;&#8230;&#8230;<strong>$120.000<\/strong><\/p>\n\n\n\n<p>M\u00e1s de dos personas&#8230;&#8230;&#8230;&#8230;&#8230;&#8230;&#8230;&#8230;&#8230;<strong>$40.000 <\/strong>por personas<\/p>\n<div class=\"pvc_clear\"><\/div><p id=\"pvc_stats_653\" class=\"pvc_stats all  \" data-element-id=\"653\" style=\"\"><i class=\"pvc-stats-icon medium\" aria-hidden=\"true\"><svg aria-hidden=\"true\" focusable=\"false\" data-prefix=\"far\" data-icon=\"chart-bar\" role=\"img\" xmlns=\"http:\/\/www.w3.org\/2000\/svg\" viewBox=\"0 0 512 512\" class=\"svg-inline--fa fa-chart-bar fa-w-16 fa-2x\"><path fill=\"currentColor\" d=\"M396.8 352h22.4c6.4 0 12.8-6.4 12.8-12.8V108.8c0-6.4-6.4-12.8-12.8-12.8h-22.4c-6.4 0-12.8 6.4-12.8 12.8v230.4c0 6.4 6.4 12.8 12.8 12.8zm-192 0h22.4c6.4 0 12.8-6.4 12.8-12.8V140.8c0-6.4-6.4-12.8-12.8-12.8h-22.4c-6.4 0-12.8 6.4-12.8 12.8v198.4c0 6.4 6.4 12.8 12.8 12.8zm96 0h22.4c6.4 0 12.8-6.4 12.8-12.8V204.8c0-6.4-6.4-12.8-12.8-12.8h-22.4c-6.4 0-12.8 6.4-12.8 12.8v134.4c0 6.4 6.4 12.8 12.8 12.8zM496 400H48V80c0-8.84-7.16-16-16-16H16C7.16 64 0 71.16 0 80v336c0 17.67 14.33 32 32 32h464c8.84 0 16-7.16 16-16v-16c0-8.84-7.16-16-16-16zm-387.2-48h22.4c6.4 0 12.8-6.4 12.8-12.8v-70.4c0-6.4-6.4-12.8-12.8-12.8h-22.4c-6.4 0-12.8 6.4-12.8 12.8v70.4c0 6.4 6.4 12.8 12.8 12.8z\" class=\"\"><\/path><\/svg><\/i> <img loading=\"lazy\" decoding=\"async\" width=\"16\" height=\"16\" alt=\"Loading\" src=\"https:\/\/laperiquera.com\/laperiquera\/wp-content\/plugins\/page-views-count\/ajax-loader-2x.gif\" border=0 \/><\/p><div class=\"pvc_clear\"><\/div>","protected":false},"excerpt":{"rendered":"<p>Disfruta de esta gran Aventura. NATURALEZA EXTREMA (11 DESAF\u00cdOS + 5 A\u00d1OS) $65.000 por persona. + P\u00e9ndulo Paso al Vaci\u00f3 $85.000 +Canopy 230 $85.000 +P\u00e9ndulo y Canopy 230 $95.000 +Bicis por las Nubes $100.000 D\u00daOS Bicis + Hamacas&#8230;&#8230;&#8230;&#8230;&#8230;&#8230;&#8230;&#8230;&#8230;&#8230;&#8230;&#8230;$65.000 Bicis + Rappel&#8230;&#8230;&#8230;&#8230;&#8230;&#8230;&#8230;&#8230;&#8230;&#8230;&#8230;&#8230;&#8230;..$140.000 TRANSPORTE ( Ida y vuelta) Para dos personas&#8230;&#8230;&#8230;&#8230;&#8230;&#8230;&#8230;&#8230;&#8230;&#8230;&#8230;$120.000 M\u00e1s de dos personas&#8230;&#8230;&#8230;&#8230;&#8230;&#8230;&#8230;&#8230;&#8230;$40.000 por personas<\/p>\n<div class=\"pvc_clear\"><\/div>\n<p id=\"pvc_stats_653\" class=\"pvc_stats all  \" data-element-id=\"653\" style=\"\"><i class=\"pvc-stats-icon medium\" aria-hidden=\"true\"><svg aria-hidden=\"true\" focusable=\"false\" data-prefix=\"far\" data-icon=\"chart-bar\" role=\"img\" xmlns=\"http:\/\/www.w3.org\/2000\/svg\" viewBox=\"0 0 512 512\" class=\"svg-inline--fa fa-chart-bar fa-w-16 fa-2x\"><path fill=\"currentColor\" d=\"M396.8 352h22.4c6.4 0 12.8-6.4 12.8-12.8V108.8c0-6.4-6.4-12.8-12.8-12.8h-22.4c-6.4 0-12.8 6.4-12.8 12.8v230.4c0 6.4 6.4 12.8 12.8 12.8zm-192 0h22.4c6.4 0 12.8-6.4 12.8-12.8V140.8c0-6.4-6.4-12.8-12.8-12.8h-22.4c-6.4 0-12.8 6.4-12.8 12.8v198.4c0 6.4 6.4 12.8 12.8 12.8zm96 0h22.4c6.4 0 12.8-6.4 12.8-12.8V204.8c0-6.4-6.4-12.8-12.8-12.8h-22.4c-6.4 0-12.8 6.4-12.8 12.8v134.4c0 6.4 6.4 12.8 12.8 12.8zM496 400H48V80c0-8.84-7.16-16-16-16H16C7.16 64 0 71.16 0 80v336c0 17.67 14.33 32 32 32h464c8.84 0 16-7.16 16-16v-16c0-8.84-7.16-16-16-16zm-387.2-48h22.4c6.4 0 12.8-6.4 12.8-12.8v-70.4c0-6.4-6.4-12.8-12.8-12.8h-22.4c-6.4 0-12.8 6.4-12.8 12.8v70.4c0 6.4 6.4 12.8 12.8 12.8z\" class=\"\"><\/path><\/svg><\/i> <img loading=\"lazy\" decoding=\"async\" width=\"16\" height=\"16\" alt=\"Loading\" src=\"https:\/\/laperiquera.com\/laperiquera\/wp-content\/plugins\/page-views-count\/ajax-loader-2x.gif\" border=0 \/><\/p>\n<div class=\"pvc_clear\"><\/div>\n","protected":false},"author":1,"featured_media":0,"parent":0,"menu_order":0,"comment_status":"closed","ping_status":"closed","template":"","meta":{"footnotes":""},"class_list":["post-653","page","type-page","status-publish","hentry"],"a3_pvc":{"activated":true,"total_views":432,"today_views":0},"jetpack_sharing_enabled":true,"_links":{"self":[{"href":"https:\/\/laperiquera.com\/laperiquera\/wp-json\/wp\/v2\/pages\/653","targetHints":{"allow":["GET"]}}],"collection":[{"href":"https:\/\/laperiquera.com\/laperiquera\/wp-json\/wp\/v2\/pages"}],"about":[{"href":"https:\/\/laperiquera.com\/laperiquera\/wp-json\/wp\/v2\/types\/page"}],"author":[{"embeddable":true,"href":"https:\/\/laperiquera.com\/laperiquera\/wp-json\/wp\/v2\/users\/1"}],"replies":[{"embeddable":true,"href":"https:\/\/laperiquera.com\/laperiquera\/wp-json\/wp\/v2\/comments?post=653"}],"version-history":[{"count":8,"href":"https:\/\/laperiquera.com\/laperiquera\/wp-json\/wp\/v2\/pages\/653\/revisions"}],"predecessor-version":[{"id":694,"href":"https:\/\/laperiquera.com\/laperiquera\/wp-json\/wp\/v2\/pages\/653\/revisions\/694"}],"wp:attachment":[{"href":"https:\/\/laperiquera.com\/laperiquera\/wp-json\/wp\/v2\/media?parent=653"}],"curies":[{"name":"wp","href":"https:\/\/api.w.org\/{rel}","templated":true}]}}