{"id":734,"date":"2024-09-05T19:58:23","date_gmt":"2024-09-05T19:58:23","guid":{"rendered":"https:\/\/laperiquera.com\/laperiquera\/?page_id=734"},"modified":"2026-04-01T16:42:42","modified_gmt":"2026-04-01T16:42:42","slug":"cuatrimotos-2","status":"publish","type":"page","link":"https:\/\/laperiquera.com\/laperiquera\/cuatrimotos-2\/","title":{"rendered":"Cuatrimotos"},"content":{"rendered":"\n<p class=\"has-text-align-center\">Actividad de cuatrimotos , se realiza en el parque las vegas, duraci\u00f3n una hora en pista, con pista de 6 kilometros, pozo de coraz\u00f3n y catamaran, motos 200 PLR , incluye seguro obligatorio, acompa\u00f1amiento de un gu\u00eda, casco y gafas.<\/p>\n\n\n\n<p>Valor: <strong>$100.000<\/strong> por buggy grande dos personas<\/p>\n\n\n\n<p>Valor:<strong>$90000<\/strong> por byggy peque\u00f1o Adulto &#8211; Ni\u00f1o o Adulto solo.<\/p>\n\n\n\n<p>Valor : <strong>$70.000<\/strong> por cuatrimoto para dos personas<\/p>\n\n\n\n<p><strong>Valor Cuatrimoto personal: <\/strong>         <strong>$50.000<\/strong> por persona.<\/p>\n\n\n\n<p><\/p>\n\n\n\n<p><strong>Valor Ingreso al parque las vegas cuatrimoto <\/strong>: <strong>$10.000<\/strong> por persona<\/p>\n\n\n\n<figure class=\"wp-block-gallery has-nested-images columns-default is-cropped wp-block-gallery-1 is-layout-flex wp-block-gallery-is-layout-flex\">\n<figure class=\"wp-block-image size-large is-style-rounded\"><img loading=\"lazy\" decoding=\"async\" width=\"1024\" height=\"768\" data-id=\"615\" src=\"https:\/\/laperiquera.com\/laperiquera\/wp-content\/uploads\/2023\/06\/IMG-20220827-WA0015-1024x768.jpg\" alt=\"\" class=\"wp-image-615\" srcset=\"https:\/\/laperiquera.com\/laperiquera\/wp-content\/uploads\/2023\/06\/IMG-20220827-WA0015-1024x768.jpg 1024w, https:\/\/laperiquera.com\/laperiquera\/wp-content\/uploads\/2023\/06\/IMG-20220827-WA0015-300x225.jpg 300w, https:\/\/laperiquera.com\/laperiquera\/wp-content\/uploads\/2023\/06\/IMG-20220827-WA0015-768x576.jpg 768w, https:\/\/laperiquera.com\/laperiquera\/wp-content\/uploads\/2023\/06\/IMG-20220827-WA0015-1536x1152.jpg 1536w, https:\/\/laperiquera.com\/laperiquera\/wp-content\/uploads\/2023\/06\/IMG-20220827-WA0015.jpg 1600w\" sizes=\"auto, (max-width: 767px) 89vw, (max-width: 1000px) 54vw, (max-width: 1071px) 543px, 580px\" \/><\/figure>\n\n\n\n<figure class=\"wp-block-image size-large is-style-rounded\"><img loading=\"lazy\" decoding=\"async\" width=\"1024\" height=\"768\" data-id=\"610\" src=\"https:\/\/laperiquera.com\/laperiquera\/wp-content\/uploads\/2023\/06\/IMG-20220411-WA0003-1024x768.jpg\" alt=\"\" class=\"wp-image-610\" srcset=\"https:\/\/laperiquera.com\/laperiquera\/wp-content\/uploads\/2023\/06\/IMG-20220411-WA0003-1024x768.jpg 1024w, https:\/\/laperiquera.com\/laperiquera\/wp-content\/uploads\/2023\/06\/IMG-20220411-WA0003-300x225.jpg 300w, https:\/\/laperiquera.com\/laperiquera\/wp-content\/uploads\/2023\/06\/IMG-20220411-WA0003-768x576.jpg 768w, https:\/\/laperiquera.com\/laperiquera\/wp-content\/uploads\/2023\/06\/IMG-20220411-WA0003-1536x1152.jpg 1536w, https:\/\/laperiquera.com\/laperiquera\/wp-content\/uploads\/2023\/06\/IMG-20220411-WA0003.jpg 1600w\" sizes=\"auto, (max-width: 767px) 89vw, (max-width: 1000px) 54vw, (max-width: 1071px) 543px, 580px\" \/><\/figure>\n\n\n\n<figure class=\"wp-block-image size-large is-style-rounded\"><img loading=\"lazy\" decoding=\"async\" width=\"600\" height=\"407\" data-id=\"510\" src=\"https:\/\/laperiquera.com\/laperiquera\/wp-content\/uploads\/2022\/02\/cuatrimotos1.jpg\" alt=\"\" class=\"wp-image-510\" srcset=\"https:\/\/laperiquera.com\/laperiquera\/wp-content\/uploads\/2022\/02\/cuatrimotos1.jpg 600w, https:\/\/laperiquera.com\/laperiquera\/wp-content\/uploads\/2022\/02\/cuatrimotos1-300x204.jpg 300w\" sizes=\"auto, (max-width: 600px) 100vw, 600px\" \/><\/figure>\n<\/figure>\n\n\n\n<figure class=\"wp-block-image size-full is-resized is-style-rounded\"><img loading=\"lazy\" decoding=\"async\" width=\"1200\" height=\"1600\" src=\"https:\/\/laperiquera.com\/laperiquera\/wp-content\/uploads\/2026\/04\/1.-cuatrimoro-gorila-2.jpeg\" alt=\"\" class=\"wp-image-844\" style=\"aspect-ratio:0.750008693535487;width:283px;height:auto\" srcset=\"https:\/\/laperiquera.com\/laperiquera\/wp-content\/uploads\/2026\/04\/1.-cuatrimoro-gorila-2.jpeg 1200w, https:\/\/laperiquera.com\/laperiquera\/wp-content\/uploads\/2026\/04\/1.-cuatrimoro-gorila-2-225x300.jpeg 225w, https:\/\/laperiquera.com\/laperiquera\/wp-content\/uploads\/2026\/04\/1.-cuatrimoro-gorila-2-768x1024.jpeg 768w, https:\/\/laperiquera.com\/laperiquera\/wp-content\/uploads\/2026\/04\/1.-cuatrimoro-gorila-2-1152x1536.jpeg 1152w, https:\/\/laperiquera.com\/laperiquera\/wp-content\/uploads\/2026\/04\/1.-cuatrimoro-gorila-2-350x467.jpeg 350w\" sizes=\"auto, (max-width: 767px) 89vw, (max-width: 1000px) 54vw, (max-width: 1071px) 543px, 580px\" \/><\/figure>\n\n\n\n<p><\/p>\n<div class=\"pvc_clear\"><\/div><p id=\"pvc_stats_734\" class=\"pvc_stats all  \" data-element-id=\"734\" style=\"\"><i class=\"pvc-stats-icon medium\" aria-hidden=\"true\"><svg aria-hidden=\"true\" focusable=\"false\" data-prefix=\"far\" data-icon=\"chart-bar\" role=\"img\" xmlns=\"http:\/\/www.w3.org\/2000\/svg\" viewBox=\"0 0 512 512\" class=\"svg-inline--fa fa-chart-bar fa-w-16 fa-2x\"><path fill=\"currentColor\" d=\"M396.8 352h22.4c6.4 0 12.8-6.4 12.8-12.8V108.8c0-6.4-6.4-12.8-12.8-12.8h-22.4c-6.4 0-12.8 6.4-12.8 12.8v230.4c0 6.4 6.4 12.8 12.8 12.8zm-192 0h22.4c6.4 0 12.8-6.4 12.8-12.8V140.8c0-6.4-6.4-12.8-12.8-12.8h-22.4c-6.4 0-12.8 6.4-12.8 12.8v198.4c0 6.4 6.4 12.8 12.8 12.8zm96 0h22.4c6.4 0 12.8-6.4 12.8-12.8V204.8c0-6.4-6.4-12.8-12.8-12.8h-22.4c-6.4 0-12.8 6.4-12.8 12.8v134.4c0 6.4 6.4 12.8 12.8 12.8zM496 400H48V80c0-8.84-7.16-16-16-16H16C7.16 64 0 71.16 0 80v336c0 17.67 14.33 32 32 32h464c8.84 0 16-7.16 16-16v-16c0-8.84-7.16-16-16-16zm-387.2-48h22.4c6.4 0 12.8-6.4 12.8-12.8v-70.4c0-6.4-6.4-12.8-12.8-12.8h-22.4c-6.4 0-12.8 6.4-12.8 12.8v70.4c0 6.4 6.4 12.8 12.8 12.8z\" class=\"\"><\/path><\/svg><\/i> <img loading=\"lazy\" decoding=\"async\" width=\"16\" height=\"16\" alt=\"Loading\" src=\"https:\/\/laperiquera.com\/laperiquera\/wp-content\/plugins\/page-views-count\/ajax-loader-2x.gif\" border=0 \/><\/p><div class=\"pvc_clear\"><\/div>","protected":false},"excerpt":{"rendered":"<p>Actividad de cuatrimotos , se realiza en el parque las vegas, duraci\u00f3n una hora en pista, con pista de 6 kilometros, pozo de coraz\u00f3n y catamaran, motos 200 PLR , incluye seguro obligatorio, acompa\u00f1amiento de un gu\u00eda, casco y gafas. Valor: $100.000 por buggy grande dos personas Valor:$90000 por byggy peque\u00f1o Adulto &#8211; Ni\u00f1o o &hellip; <\/p>\n<p class=\"link-more\"><a href=\"https:\/\/laperiquera.com\/laperiquera\/cuatrimotos-2\/\" class=\"more-link\">Continuar leyendo<span class=\"screen-reader-text\"> \u00abCuatrimotos\u00bb<\/span><\/a><\/p>\n<div class=\"pvc_clear\"><\/div>\n<p id=\"pvc_stats_734\" class=\"pvc_stats all  \" data-element-id=\"734\" style=\"\"><i class=\"pvc-stats-icon medium\" aria-hidden=\"true\"><svg aria-hidden=\"true\" focusable=\"false\" data-prefix=\"far\" data-icon=\"chart-bar\" role=\"img\" xmlns=\"http:\/\/www.w3.org\/2000\/svg\" viewBox=\"0 0 512 512\" class=\"svg-inline--fa fa-chart-bar fa-w-16 fa-2x\"><path fill=\"currentColor\" d=\"M396.8 352h22.4c6.4 0 12.8-6.4 12.8-12.8V108.8c0-6.4-6.4-12.8-12.8-12.8h-22.4c-6.4 0-12.8 6.4-12.8 12.8v230.4c0 6.4 6.4 12.8 12.8 12.8zm-192 0h22.4c6.4 0 12.8-6.4 12.8-12.8V140.8c0-6.4-6.4-12.8-12.8-12.8h-22.4c-6.4 0-12.8 6.4-12.8 12.8v198.4c0 6.4 6.4 12.8 12.8 12.8zm96 0h22.4c6.4 0 12.8-6.4 12.8-12.8V204.8c0-6.4-6.4-12.8-12.8-12.8h-22.4c-6.4 0-12.8 6.4-12.8 12.8v134.4c0 6.4 6.4 12.8 12.8 12.8zM496 400H48V80c0-8.84-7.16-16-16-16H16C7.16 64 0 71.16 0 80v336c0 17.67 14.33 32 32 32h464c8.84 0 16-7.16 16-16v-16c0-8.84-7.16-16-16-16zm-387.2-48h22.4c6.4 0 12.8-6.4 12.8-12.8v-70.4c0-6.4-6.4-12.8-12.8-12.8h-22.4c-6.4 0-12.8 6.4-12.8 12.8v70.4c0 6.4 6.4 12.8 12.8 12.8z\" class=\"\"><\/path><\/svg><\/i> <img loading=\"lazy\" decoding=\"async\" width=\"16\" height=\"16\" alt=\"Loading\" src=\"https:\/\/laperiquera.com\/laperiquera\/wp-content\/plugins\/page-views-count\/ajax-loader-2x.gif\" border=0 \/><\/p>\n<div class=\"pvc_clear\"><\/div>\n","protected":false},"author":1,"featured_media":0,"parent":0,"menu_order":0,"comment_status":"closed","ping_status":"closed","template":"","meta":{"footnotes":""},"class_list":["post-734","page","type-page","status-publish","hentry"],"a3_pvc":{"activated":true,"total_views":10262,"today_views":6},"jetpack_sharing_enabled":true,"_links":{"self":[{"href":"https:\/\/laperiquera.com\/laperiquera\/wp-json\/wp\/v2\/pages\/734","targetHints":{"allow":["GET"]}}],"collection":[{"href":"https:\/\/laperiquera.com\/laperiquera\/wp-json\/wp\/v2\/pages"}],"about":[{"href":"https:\/\/laperiquera.com\/laperiquera\/wp-json\/wp\/v2\/types\/page"}],"author":[{"embeddable":true,"href":"https:\/\/laperiquera.com\/laperiquera\/wp-json\/wp\/v2\/users\/1"}],"replies":[{"embeddable":true,"href":"https:\/\/laperiquera.com\/laperiquera\/wp-json\/wp\/v2\/comments?post=734"}],"version-history":[{"count":8,"href":"https:\/\/laperiquera.com\/laperiquera\/wp-json\/wp\/v2\/pages\/734\/revisions"}],"predecessor-version":[{"id":846,"href":"https:\/\/laperiquera.com\/laperiquera\/wp-json\/wp\/v2\/pages\/734\/revisions\/846"}],"wp:attachment":[{"href":"https:\/\/laperiquera.com\/laperiquera\/wp-json\/wp\/v2\/media?parent=734"}],"curies":[{"name":"wp","href":"https:\/\/api.w.org\/{rel}","templated":true}]}}